{"id":10957,"date":"2023-10-09T00:00:19","date_gmt":"2023-10-09T00:00:19","guid":{"rendered":"https:\/\/avighfoto.com\/?page_id=10957"},"modified":"2023-10-09T19:22:39","modified_gmt":"2023-10-09T19:22:39","slug":"road-1","status":"publish","type":"page","link":"https:\/\/avighfoto.com\/?page_id=10957","title":{"rendered":"Orsz\u00e1g\u00fati Verseny Fot\u00f3k"},"content":{"rendered":"\nngg_shortcode_0_placeholder\n","protected":false},"excerpt":{"rendered":"","protected":false},"author":1,"featured_media":0,"parent":0,"menu_order":0,"comment_status":"closed","ping_status":"closed","template":"","meta":{"om_disable_all_campaigns":false,"_monsterinsights_skip_tracking":false,"_monsterinsights_sitenote_active":false,"_monsterinsights_sitenote_note":"","_monsterinsights_sitenote_category":0,"ngg_post_thumbnail":0,"footnotes":""},"class_list":["post-10957","page","type-page","status-publish","hentry","entry"],"aioseo_notices":[],"_links":{"self":[{"href":"https:\/\/avighfoto.com\/index.php?rest_route=\/wp\/v2\/pages\/10957","targetHints":{"allow":["GET"]}}],"collection":[{"href":"https:\/\/avighfoto.com\/index.php?rest_route=\/wp\/v2\/pages"}],"about":[{"href":"https:\/\/avighfoto.com\/index.php?rest_route=\/wp\/v2\/types\/page"}],"author":[{"embeddable":true,"href":"https:\/\/avighfoto.com\/index.php?rest_route=\/wp\/v2\/users\/1"}],"replies":[{"embeddable":true,"href":"https:\/\/avighfoto.com\/index.php?rest_route=%2Fwp%2Fv2%2Fcomments&post=10957"}],"version-history":[{"count":5,"href":"https:\/\/avighfoto.com\/index.php?rest_route=\/wp\/v2\/pages\/10957\/revisions"}],"predecessor-version":[{"id":10985,"href":"https:\/\/avighfoto.com\/index.php?rest_route=\/wp\/v2\/pages\/10957\/revisions\/10985"}],"wp:attachment":[{"href":"https:\/\/avighfoto.com\/index.php?rest_route=%2Fwp%2Fv2%2Fmedia&parent=10957"}],"curies":[{"name":"wp","href":"https:\/\/api.w.org\/{rel}","templated":true}]}}